{"id":602,"date":"2022-03-08T18:54:51","date_gmt":"2022-03-08T17:54:51","guid":{"rendered":"https:\/\/shirsbrunner.com\/home\/"},"modified":"2022-09-12T23:55:47","modified_gmt":"2022-09-12T21:55:47","slug":"home","status":"publish","type":"page","link":"https:\/\/shirsbrunner.com\/de\/","title":{"rendered":"Home"},"content":{"rendered":"\t\t<div data-elementor-type=\"wp-page\" data-elementor-id=\"602\" class=\"elementor elementor-602 elementor-2\" data-elementor-post-type=\"page\">\n\t\t\t\t\t\t<section class=\"elementor-section elementor-top-section elementor-element elementor-element-164ed39 elementor-section-full_width elementor-section-height-default elementor-section-height-default\" data-id=\"164ed39\" data-element_type=\"section\">\n\t\t\t\t\t\t<div class=\"elementor-container elementor-column-gap-default\">\n\t\t\t\t\t<div class=\"elementor-column elementor-col-100 elementor-top-column elementor-element elementor-element-1c42afa\" data-id=\"1c42afa\" data-element_type=\"column\">\n\t\t\t<div class=\"elementor-widget-wrap elementor-element-populated\">\n\t\t\t\t\t\t<section class=\"elementor-section elementor-inner-section elementor-element elementor-element-df97fc3 elementor-section-full_width elementor-section-height-default elementor-section-height-default\" data-id=\"df97fc3\" data-element_type=\"section\">\n\t\t\t\t\t\t<div class=\"elementor-container elementor-column-gap-default\">\n\t\t\t\t\t<div class=\"elementor-column elementor-col-50 elementor-inner-column elementor-element elementor-element-4087508\" data-id=\"4087508\" data-element_type=\"column\">\n\t\t\t<div class=\"elementor-widget-wrap elementor-element-populated\">\n\t\t\t\t\t\t<div class=\"elementor-element elementor-element-0fc36f8 elementor-widget__width-inherit elementor-widget elementor-widget-image\" data-id=\"0fc36f8\" data-element_type=\"widget\" data-widget_type=\"image.default\">\n\t\t\t\t<div class=\"elementor-widget-container\">\n\t\t\t\t\t\t\t\t\t\t\t\t\t\t\t<img fetchpriority=\"high\" decoding=\"async\" width=\"1512\" height=\"600\" src=\"https:\/\/shirsbrunner.com\/wp-content\/uploads\/2022\/07\/Page-1-acceuil-Image-entete-1.png\" class=\"attachment-full size-full wp-image-115\" alt=\"\" srcset=\"https:\/\/shirsbrunner.com\/wp-content\/uploads\/2022\/07\/Page-1-acceuil-Image-entete-1.png 1512w, https:\/\/shirsbrunner.com\/wp-content\/uploads\/2022\/07\/Page-1-acceuil-Image-entete-1-300x119.png 300w, https:\/\/shirsbrunner.com\/wp-content\/uploads\/2022\/07\/Page-1-acceuil-Image-entete-1-1024x406.png 1024w, https:\/\/shirsbrunner.com\/wp-content\/uploads\/2022\/07\/Page-1-acceuil-Image-entete-1-768x305.png 768w\" sizes=\"(max-width: 1512px) 100vw, 1512px\" \/>\t\t\t\t\t\t\t\t\t\t\t\t\t\t\t<\/div>\n\t\t\t\t<\/div>\n\t\t\t\t\t<\/div>\n\t\t<\/div>\n\t\t\t\t<div class=\"elementor-column elementor-col-50 elementor-inner-column elementor-element elementor-element-8c2ccf6\" data-id=\"8c2ccf6\" data-element_type=\"column\">\n\t\t\t<div class=\"elementor-widget-wrap elementor-element-populated\">\n\t\t\t\t\t\t<div class=\"elementor-element elementor-element-b5286d7 elementor-widget__width-inherit elementor-widget elementor-widget-image\" data-id=\"b5286d7\" data-element_type=\"widget\" data-widget_type=\"image.default\">\n\t\t\t\t<div class=\"elementor-widget-container\">\n\t\t\t\t\t\t\t\t\t\t\t\t\t\t\t<img decoding=\"async\" width=\"1512\" height=\"600\" src=\"https:\/\/shirsbrunner.com\/wp-content\/uploads\/2022\/07\/Page-1-acceuil-Image-entete-2.png\" class=\"attachment-full size-full wp-image-116\" alt=\"\" srcset=\"https:\/\/shirsbrunner.com\/wp-content\/uploads\/2022\/07\/Page-1-acceuil-Image-entete-2.png 1512w, https:\/\/shirsbrunner.com\/wp-content\/uploads\/2022\/07\/Page-1-acceuil-Image-entete-2-300x119.png 300w, https:\/\/shirsbrunner.com\/wp-content\/uploads\/2022\/07\/Page-1-acceuil-Image-entete-2-1024x406.png 1024w, https:\/\/shirsbrunner.com\/wp-content\/uploads\/2022\/07\/Page-1-acceuil-Image-entete-2-768x305.png 768w\" sizes=\"(max-width: 1512px) 100vw, 1512px\" \/>\t\t\t\t\t\t\t\t\t\t\t\t\t\t\t<\/div>\n\t\t\t\t<\/div>\n\t\t\t\t\t<\/div>\n\t\t<\/div>\n\t\t\t\t\t<\/div>\n\t\t<\/section>\n\t\t\t\t<section class=\"elementor-section elementor-inner-section elementor-element elementor-element-12ee2aa elementor-section-full_width elementor-section-height-default elementor-section-height-default\" data-id=\"12ee2aa\" data-element_type=\"section\" data-settings=\"{&quot;background_background&quot;:&quot;classic&quot;}\">\n\t\t\t\t\t\t<div class=\"elementor-container elementor-column-gap-default\">\n\t\t\t\t\t<div class=\"elementor-column elementor-col-100 elementor-inner-column elementor-element elementor-element-e224307\" data-id=\"e224307\" data-element_type=\"column\">\n\t\t\t<div class=\"elementor-widget-wrap elementor-element-populated\">\n\t\t\t\t\t\t<div class=\"elementor-element elementor-element-cb602a8 elementor-hidden-tablet elementor-hidden-mobile elementor-widget elementor-widget-image\" data-id=\"cb602a8\" data-element_type=\"widget\" data-widget_type=\"image.default\">\n\t\t\t\t<div class=\"elementor-widget-container\">\n\t\t\t\t\t\t\t\t\t\t\t\t\t\t\t<img decoding=\"async\" src=\"https:\/\/shirsbrunner.com\/wp-content\/uploads\/elementor\/thumbs\/Logo-H-psfnvbnk73zlyshldxv7yzeiermguvrwug6m6zxibw.png\" title=\"Logo &#8211; H\" alt=\"Logo - H\" loading=\"lazy\" \/>\t\t\t\t\t\t\t\t\t\t\t\t\t\t\t<\/div>\n\t\t\t\t<\/div>\n\t\t\t\t<div class=\"elementor-element elementor-element-90eb6f1 elementor-hidden-desktop elementor-hidden-mobile elementor-widget elementor-widget-image\" data-id=\"90eb6f1\" data-element_type=\"widget\" data-widget_type=\"image.default\">\n\t\t\t\t<div class=\"elementor-widget-container\">\n\t\t\t\t\t\t\t\t\t\t\t\t\t\t\t<img decoding=\"async\" src=\"https:\/\/shirsbrunner.com\/wp-content\/uploads\/elementor\/thumbs\/Logo-H-psfnvbnja7w7lj44wv6toeeu6k9lli09p1ttintn8c.png\" title=\"Logo &#8211; H\" alt=\"Logo - H\" loading=\"lazy\" \/>\t\t\t\t\t\t\t\t\t\t\t\t\t\t\t<\/div>\n\t\t\t\t<\/div>\n\t\t\t\t<div class=\"elementor-element elementor-element-4221f4d elementor-hidden-desktop elementor-hidden-tablet elementor-widget elementor-widget-image\" data-id=\"4221f4d\" data-element_type=\"widget\" data-widget_type=\"image.default\">\n\t\t\t\t<div class=\"elementor-widget-container\">\n\t\t\t\t\t\t\t\t\t\t\t\t\t\t\t<img decoding=\"async\" src=\"https:\/\/shirsbrunner.com\/wp-content\/uploads\/elementor\/thumbs\/Logo-H-psfnvbnjelrv629zua1sgjt9w698vzrnxp73dglo0k.png\" title=\"Logo &#8211; H\" alt=\"Logo - H\" loading=\"lazy\" \/>\t\t\t\t\t\t\t\t\t\t\t\t\t\t\t<\/div>\n\t\t\t\t<\/div>\n\t\t\t\t\t<\/div>\n\t\t<\/div>\n\t\t\t\t\t<\/div>\n\t\t<\/section>\n\t\t\t\t<section class=\"elementor-section elementor-inner-section elementor-element elementor-element-7c64af2 elementor-section-boxed elementor-section-height-default elementor-section-height-default\" data-id=\"7c64af2\" data-element_type=\"section\" data-settings=\"{&quot;background_background&quot;:&quot;classic&quot;}\">\n\t\t\t\t\t\t\t<div class=\"elementor-background-overlay\"><\/div>\n\t\t\t\t\t\t\t<div class=\"elementor-container elementor-column-gap-default\">\n\t\t\t\t\t<div class=\"elementor-column elementor-col-33 elementor-inner-column elementor-element elementor-element-3a79ab3 elementor-hidden-mobile\" data-id=\"3a79ab3\" data-element_type=\"column\">\n\t\t\t<div class=\"elementor-widget-wrap\">\n\t\t\t\t\t\t\t<\/div>\n\t\t<\/div>\n\t\t\t\t<div class=\"elementor-column elementor-col-33 elementor-inner-column elementor-element elementor-element-c0270ee\" data-id=\"c0270ee\" data-element_type=\"column\">\n\t\t\t<div class=\"elementor-widget-wrap elementor-element-populated\">\n\t\t\t\t\t\t<div class=\"elementor-element elementor-element-1734d57 elementor-widget elementor-widget-heading\" data-id=\"1734d57\" data-element_type=\"widget\" data-widget_type=\"heading.default\">\n\t\t\t\t<div class=\"elementor-widget-container\">\n\t\t\t\t\t<h1 class=\"elementor-heading-title elementor-size-default\">EU-, Schweizer und deutsches Kartellrecht &amp; Regulierung<\/h1>\t\t\t\t<\/div>\n\t\t\t\t<\/div>\n\t\t\t\t\t<\/div>\n\t\t<\/div>\n\t\t\t\t<div class=\"elementor-column elementor-col-33 elementor-inner-column elementor-element elementor-element-164bae8 elementor-hidden-mobile\" data-id=\"164bae8\" data-element_type=\"column\">\n\t\t\t<div class=\"elementor-widget-wrap\">\n\t\t\t\t\t\t\t<\/div>\n\t\t<\/div>\n\t\t\t\t\t<\/div>\n\t\t<\/section>\n\t\t\t\t<section class=\"elementor-section elementor-inner-section elementor-element elementor-element-9a779d6 elementor-section-boxed elementor-section-height-default elementor-section-height-default\" data-id=\"9a779d6\" data-element_type=\"section\" data-settings=\"{&quot;background_background&quot;:&quot;classic&quot;}\">\n\t\t\t\t\t\t<div class=\"elementor-container elementor-column-gap-default\">\n\t\t\t\t\t<div class=\"elementor-column elementor-col-33 elementor-inner-column elementor-element elementor-element-5aad9b5 elementor-hidden-mobile\" data-id=\"5aad9b5\" data-element_type=\"column\">\n\t\t\t<div class=\"elementor-widget-wrap\">\n\t\t\t\t\t\t\t<\/div>\n\t\t<\/div>\n\t\t\t\t<div class=\"elementor-column elementor-col-33 elementor-inner-column elementor-element elementor-element-c9896cc\" data-id=\"c9896cc\" data-element_type=\"column\">\n\t\t\t<div class=\"elementor-widget-wrap elementor-element-populated\">\n\t\t\t\t\t\t<div class=\"elementor-element elementor-element-7383431 elementor-widget elementor-widget-text-editor\" data-id=\"7383431\" data-element_type=\"widget\" data-widget_type=\"text-editor.default\">\n\t\t\t\t<div class=\"elementor-widget-container\">\n\t\t\t\t\t\t\t\t\t<p>Das Dienstleistungsangebot der Kanzlei richtet sich an Mandanten, die spezialisierte rechtliche Beratung und Vertretung im EU-, Schweizer und deutschen Kartellrecht, dem Recht der staatlichen Beihilfen sowie verwandten Rechtsgebieten suchen.<\/p>\n\t\t\t\t\t\t\t\t<\/div>\n\t\t\t\t<\/div>\n\t\t\t\t\t<\/div>\n\t\t<\/div>\n\t\t\t\t<div class=\"elementor-column elementor-col-33 elementor-inner-column elementor-element elementor-element-eb02ce1 elementor-hidden-mobile\" data-id=\"eb02ce1\" data-element_type=\"column\">\n\t\t\t<div class=\"elementor-widget-wrap\">\n\t\t\t\t\t\t\t<\/div>\n\t\t<\/div>\n\t\t\t\t\t<\/div>\n\t\t<\/section>\n\t\t\t\t<section class=\"elementor-section elementor-inner-section elementor-element elementor-element-45cc8bd elementor-section-boxed elementor-section-height-default elementor-section-height-default\" data-id=\"45cc8bd\" data-element_type=\"section\" data-settings=\"{&quot;background_background&quot;:&quot;classic&quot;}\">\n\t\t\t\t\t\t<div class=\"elementor-container elementor-column-gap-default\">\n\t\t\t\t\t<div class=\"elementor-column elementor-col-33 elementor-inner-column elementor-element elementor-element-2c4747e elementor-hidden-mobile\" data-id=\"2c4747e\" data-element_type=\"column\">\n\t\t\t<div class=\"elementor-widget-wrap\">\n\t\t\t\t\t\t\t<\/div>\n\t\t<\/div>\n\t\t\t\t<div class=\"elementor-column elementor-col-33 elementor-inner-column elementor-element elementor-element-8d68e56\" data-id=\"8d68e56\" data-element_type=\"column\">\n\t\t\t<div class=\"elementor-widget-wrap elementor-element-populated\">\n\t\t\t\t\t\t<div class=\"elementor-element elementor-element-6bd14a1 elementor-align-center elementor-widget elementor-widget-button\" data-id=\"6bd14a1\" data-element_type=\"widget\" data-widget_type=\"button.default\">\n\t\t\t\t<div class=\"elementor-widget-container\">\n\t\t\t\t\t\t\t\t\t<div class=\"elementor-button-wrapper\">\n\t\t\t\t\t<a class=\"elementor-button elementor-button-link elementor-size-lg\" href=\"https:\/\/shirsbrunner.com\/de\/expertise\/\">\n\t\t\t\t\t\t<span class=\"elementor-button-content-wrapper\">\n\t\t\t\t\t\t\t\t\t<span class=\"elementor-button-text\">EXPERTISE<\/span>\n\t\t\t\t\t<\/span>\n\t\t\t\t\t<\/a>\n\t\t\t\t<\/div>\n\t\t\t\t\t\t\t\t<\/div>\n\t\t\t\t<\/div>\n\t\t\t\t\t<\/div>\n\t\t<\/div>\n\t\t\t\t<div class=\"elementor-column elementor-col-33 elementor-inner-column elementor-element elementor-element-d1185fc elementor-hidden-mobile\" data-id=\"d1185fc\" data-element_type=\"column\">\n\t\t\t<div class=\"elementor-widget-wrap\">\n\t\t\t\t\t\t\t<\/div>\n\t\t<\/div>\n\t\t\t\t\t<\/div>\n\t\t<\/section>\n\t\t\t\t\t<\/div>\n\t\t<\/div>\n\t\t\t\t\t<\/div>\n\t\t<\/section>\n\t\t\t\t<section class=\"elementor-section elementor-top-section elementor-element elementor-element-6267d24 elementor-section-boxed elementor-section-height-default elementor-section-height-default\" data-id=\"6267d24\" data-element_type=\"section\" data-settings=\"{&quot;background_background&quot;:&quot;classic&quot;}\">\n\t\t\t\t\t\t<div class=\"elementor-container elementor-column-gap-default\">\n\t\t\t\t\t<div class=\"elementor-column elementor-col-100 elementor-top-column elementor-element elementor-element-de090ea\" data-id=\"de090ea\" data-element_type=\"column\">\n\t\t\t<div class=\"elementor-widget-wrap elementor-element-populated\">\n\t\t\t\t\t\t<div class=\"elementor-element elementor-element-3548461 elementor-widget elementor-widget-image\" data-id=\"3548461\" data-element_type=\"widget\" data-widget_type=\"image.default\">\n\t\t\t\t<div class=\"elementor-widget-container\">\n\t\t\t\t\t\t\t\t\t\t\t\t\t\t\t<img decoding=\"async\" width=\"300\" height=\"122\" src=\"https:\/\/shirsbrunner.com\/wp-content\/uploads\/2022\/07\/Page-1-acceuil-image-goutte-300x122.png\" class=\"attachment-medium size-medium wp-image-117\" alt=\"\" srcset=\"https:\/\/shirsbrunner.com\/wp-content\/uploads\/2022\/07\/Page-1-acceuil-image-goutte-300x122.png 300w, https:\/\/shirsbrunner.com\/wp-content\/uploads\/2022\/07\/Page-1-acceuil-image-goutte-1024x418.png 1024w, https:\/\/shirsbrunner.com\/wp-content\/uploads\/2022\/07\/Page-1-acceuil-image-goutte-768x313.png 768w, https:\/\/shirsbrunner.com\/wp-content\/uploads\/2022\/07\/Page-1-acceuil-image-goutte-1536x626.png 1536w, https:\/\/shirsbrunner.com\/wp-content\/uploads\/2022\/07\/Page-1-acceuil-image-goutte.png 1918w\" sizes=\"(max-width: 300px) 100vw, 300px\" \/>\t\t\t\t\t\t\t\t\t\t\t\t\t\t\t<\/div>\n\t\t\t\t<\/div>\n\t\t\t\t\t<\/div>\n\t\t<\/div>\n\t\t\t\t\t<\/div>\n\t\t<\/section>\n\t\t\t\t<section class=\"elementor-section elementor-top-section elementor-element elementor-element-b050e05 elementor-section-boxed elementor-section-height-default elementor-section-height-default\" data-id=\"b050e05\" data-element_type=\"section\" data-settings=\"{&quot;background_background&quot;:&quot;classic&quot;,&quot;shape_divider_top&quot;:&quot;tilt&quot;}\">\n\t\t\t\t\t<div class=\"elementor-shape elementor-shape-top\" aria-hidden=\"true\" data-negative=\"false\">\n\t\t\t<svg xmlns=\"http:\/\/www.w3.org\/2000\/svg\" viewBox=\"0 0 1000 100\" preserveAspectRatio=\"none\">\n\t<path class=\"elementor-shape-fill\" d=\"M0,6V0h1000v100L0,6z\"\/>\n<\/svg>\t\t<\/div>\n\t\t\t\t\t<div class=\"elementor-container elementor-column-gap-default\">\n\t\t\t\t\t<div class=\"elementor-column elementor-col-100 elementor-top-column elementor-element elementor-element-1a2a039\" data-id=\"1a2a039\" data-element_type=\"column\">\n\t\t\t<div class=\"elementor-widget-wrap elementor-element-populated\">\n\t\t\t\t\t\t<section class=\"elementor-section elementor-inner-section elementor-element elementor-element-4158aa2 elementor-section-full_width elementor-section-height-min-height elementor-section-height-default\" data-id=\"4158aa2\" data-element_type=\"section\">\n\t\t\t\t\t\t<div class=\"elementor-container elementor-column-gap-default\">\n\t\t\t\t\t<div class=\"elementor-column elementor-col-100 elementor-inner-column elementor-element elementor-element-90affb8\" data-id=\"90affb8\" data-element_type=\"column\">\n\t\t\t<div class=\"elementor-widget-wrap\">\n\t\t\t\t\t\t\t<\/div>\n\t\t<\/div>\n\t\t\t\t\t<\/div>\n\t\t<\/section>\n\t\t\t\t<section class=\"elementor-section elementor-inner-section elementor-element elementor-element-22609e9 elementor-section-full_width elementor-section-height-default elementor-section-height-default\" data-id=\"22609e9\" data-element_type=\"section\">\n\t\t\t\t\t\t<div class=\"elementor-container elementor-column-gap-default\">\n\t\t\t\t\t<div class=\"elementor-column elementor-col-33 elementor-inner-column elementor-element elementor-element-3f5ec50\" data-id=\"3f5ec50\" data-element_type=\"column\">\n\t\t\t<div class=\"elementor-widget-wrap elementor-element-populated\">\n\t\t\t\t\t\t<div class=\"elementor-element elementor-element-58e3f3c elementor-widget elementor-widget-image\" data-id=\"58e3f3c\" data-element_type=\"widget\" data-widget_type=\"image.default\">\n\t\t\t\t<div class=\"elementor-widget-container\">\n\t\t\t\t\t\t\t\t\t\t\t\t\t\t\t<img decoding=\"async\" src=\"https:\/\/shirsbrunner.com\/wp-content\/uploads\/elementor\/thumbs\/Photo-Simon-accueil-psfprd6z8rm6b4u7891rvtet1jj6ahqpciw94lxora.jpg\" title=\"Photo Simon accueil\" alt=\"Photo Simon accueil\" loading=\"lazy\" \/>\t\t\t\t\t\t\t\t\t\t\t\t\t\t\t<\/div>\n\t\t\t\t<\/div>\n\t\t\t\t<div class=\"elementor-element elementor-element-fae75b7 elementor-view-default elementor-widget elementor-widget-icon\" data-id=\"fae75b7\" data-element_type=\"widget\" data-widget_type=\"icon.default\">\n\t\t\t\t<div class=\"elementor-widget-container\">\n\t\t\t\t\t\t\t<div class=\"elementor-icon-wrapper\">\n\t\t\t<div class=\"elementor-icon\">\n\t\t\t<i aria-hidden=\"true\" class=\"icon icon-vague-vert\"><\/i>\t\t\t<\/div>\n\t\t<\/div>\n\t\t\t\t\t\t<\/div>\n\t\t\t\t<\/div>\n\t\t\t\t<div class=\"elementor-element elementor-element-77e3896 elementor-widget elementor-widget-text-editor\" data-id=\"77e3896\" data-element_type=\"widget\" data-widget_type=\"text-editor.default\">\n\t\t\t\t<div class=\"elementor-widget-container\">\n\t\t\t\t\t\t\t\t\t<p><em>Simon Hirsbrunner<\/em><\/p>\n\t\t\t\t\t\t\t\t<\/div>\n\t\t\t\t<\/div>\n\t\t\t\t\t<\/div>\n\t\t<\/div>\n\t\t\t\t<div class=\"elementor-column elementor-col-33 elementor-inner-column elementor-element elementor-element-10fd221\" data-id=\"10fd221\" data-element_type=\"column\">\n\t\t\t<div class=\"elementor-widget-wrap\">\n\t\t\t\t\t\t\t<\/div>\n\t\t<\/div>\n\t\t\t\t<div class=\"elementor-column elementor-col-33 elementor-inner-column elementor-element elementor-element-6e3fbec\" data-id=\"6e3fbec\" data-element_type=\"column\">\n\t\t\t<div class=\"elementor-widget-wrap elementor-element-populated\">\n\t\t\t\t\t\t<div class=\"elementor-element elementor-element-50b9bcb elementor-widget elementor-widget-text-editor\" data-id=\"50b9bcb\" data-element_type=\"widget\" data-widget_type=\"text-editor.default\">\n\t\t\t\t<div class=\"elementor-widget-container\">\n\t\t\t\t\t\t\t\t\t<p>Die kartellrechtliche Risikoanalyse und Compliance-Beratung geh\u00f6ren zu den St\u00e4rken der Kanzlei. Selbstverst\u00e4ndlich vertreten wir unsere Mandanten in Rechtsstreitigkeiten und setzen uns energisch f\u00fcr deren Interessen ein. Die Kanzlei verf\u00fcgt \u00fcber gro\u00dfe Erfahrung bei der Durchf\u00fchrung von Verfahren vor den Unionsgerichten. Doch sind wir \u00fcberzeugt, dass unseren Mandanten am besten gedient ist, wenn sie kartellrechtliche Risiken fr\u00fchzeitig erkennen, diese realistisch einsch\u00e4tzen und ihre strategischen Entscheidungen und ihr Verhalten entsprechend anpassen. Zu diesem Zweck unterst\u00fctzen wir sie bei der Bewertung von kartellrechtlichen Risiken auf dem Weg des sogenannten \u201e<em>Self-Assessment<\/em>\u201c, bei der kartellrechtskonformen Gestaltung von Vertriebs- und Kooperationsvereinbarungen sowie der Durchf\u00fchrung von kartellrechtlichen Machbarkeitsstudien im Zusammenhang mit M&amp;A-Transaktionen. Die Kanzlei verf\u00fcgt \u00fcber besonderes Know-how bei der Auslegung und Anwendung der diversen Vertr\u00e4ge und \u00dcbereinkommen, welche die Beziehungen der Schweiz zur EU regeln, einschlie\u00dflich des Freihandelsabkommens, des Luftverkehrsabkommens, des Abkommens \u00fcber die Personenfreiz\u00fcgigkeit und der \u00fcbrigen bilateralen Abkommen.<\/p>\n<\/p>\n<p>Wir erstellen regelm\u00e4\u00dfig Gutachten zu neuartigen Rechtsfragen, die sich im Verh\u00e4ltnis zwischen der Schweiz und der EU stellen, insbesondere im Kartellrecht, dem Recht der staatlichen Beihilfen, der Regulierung von Finanzdienstleistungen, den Energierecht und dem Luftverkehr.  Wir haben signifikante Erfahrung in der Beurteilung von schweizerischen Regelungen hinsichtlich deren Vereinbarkeit (\u201eEuropakompatibilit\u00e4t\u201c) mit dem EU-Recht.<\/p>\n<\/p>\n<p>Wir verfolgen dar\u00fcber hinaus neue Entwicklungen in der EU-Politik und -Gesetzgebung und wir beraten Unternehmen und Verb\u00e4nde bei der Vertretung von deren Interessen gegen\u00fcber den EU-Institutionen. <\/p>\n\t\t\t\t\t\t\t\t<\/div>\n\t\t\t\t<\/div>\n\t\t\t\t\t<\/div>\n\t\t<\/div>\n\t\t\t\t\t<\/div>\n\t\t<\/section>\n\t\t\t\t\t<\/div>\n\t\t<\/div>\n\t\t\t\t\t<\/div>\n\t\t<\/section>\n\t\t\t\t<\/div>\n\t\t","protected":false},"excerpt":{"rendered":"<p>EU-, Schweizer und deutsches Kartellrecht &amp; Regulierung Das Dienstleistungsangebot der Kanzlei richtet sich an Mandanten, die spezialisierte rechtliche Beratung und Vertretung im EU-, Schweizer und deutschen Kartellrecht, dem Recht der staatlichen Beihilfen sowie verwandten Rechtsgebieten suchen. EXPERTISE Simon Hirsbrunner Die kartellrechtliche Risikoanalyse und Compliance-Beratung geh\u00f6ren zu den St\u00e4rken der Kanzlei. Selbstverst\u00e4ndlich vertreten wir unsere Mandanten [&hellip;]<\/p>\n","protected":false},"author":1,"featured_media":0,"parent":0,"menu_order":0,"comment_status":"closed","ping_status":"closed","template":"","meta":{"footnotes":""},"class_list":["post-602","page","type-page","status-publish","hentry"],"_links":{"self":[{"href":"https:\/\/shirsbrunner.com\/de\/wp-json\/wp\/v2\/pages\/602","targetHints":{"allow":["GET"]}}],"collection":[{"href":"https:\/\/shirsbrunner.com\/de\/wp-json\/wp\/v2\/pages"}],"about":[{"href":"https:\/\/shirsbrunner.com\/de\/wp-json\/wp\/v2\/types\/page"}],"author":[{"embeddable":true,"href":"https:\/\/shirsbrunner.com\/de\/wp-json\/wp\/v2\/users\/1"}],"replies":[{"embeddable":true,"href":"https:\/\/shirsbrunner.com\/de\/wp-json\/wp\/v2\/comments?post=602"}],"version-history":[{"count":24,"href":"https:\/\/shirsbrunner.com\/de\/wp-json\/wp\/v2\/pages\/602\/revisions"}],"predecessor-version":[{"id":1387,"href":"https:\/\/shirsbrunner.com\/de\/wp-json\/wp\/v2\/pages\/602\/revisions\/1387"}],"wp:attachment":[{"href":"https:\/\/shirsbrunner.com\/de\/wp-json\/wp\/v2\/media?parent=602"}],"curies":[{"name":"wp","href":"https:\/\/api.w.org\/{rel}","templated":true}]}}