{"id":612,"date":"2022-06-28T13:39:05","date_gmt":"2022-06-28T11:39:05","guid":{"rendered":"https:\/\/shirsbrunner.com\/zur-person\/"},"modified":"2022-09-12T10:21:54","modified_gmt":"2022-09-12T08:21:54","slug":"zur-person","status":"publish","type":"page","link":"https:\/\/shirsbrunner.com\/de\/zur-person\/","title":{"rendered":"zur Person"},"content":{"rendered":"\t\t<div data-elementor-type=\"wp-post\" data-elementor-id=\"612\" class=\"elementor elementor-612 elementor-14\" data-elementor-post-type=\"page\">\n\t\t\t\t\t\t<section class=\"elementor-section elementor-top-section elementor-element elementor-element-22c88e1 elementor-section-full_width elementor-section-height-default elementor-section-height-default\" data-id=\"22c88e1\" data-element_type=\"section\">\n\t\t\t\t\t\t<div class=\"elementor-container elementor-column-gap-default\">\n\t\t\t\t\t<div class=\"elementor-column elementor-col-100 elementor-top-column elementor-element elementor-element-f72822a\" data-id=\"f72822a\" data-element_type=\"column\">\n\t\t\t<div class=\"elementor-widget-wrap elementor-element-populated\">\n\t\t\t\t\t\t<section class=\"elementor-section elementor-inner-section elementor-element elementor-element-c461b9e elementor-section-full_width elementor-section-height-min-height elementor-section-height-default\" data-id=\"c461b9e\" data-element_type=\"section\" data-settings=\"{&quot;background_background&quot;:&quot;classic&quot;}\">\n\t\t\t\t\t\t<div class=\"elementor-container elementor-column-gap-default\">\n\t\t\t\t\t<div class=\"elementor-column elementor-col-100 elementor-inner-column elementor-element elementor-element-f26b025\" data-id=\"f26b025\" data-element_type=\"column\">\n\t\t\t<div class=\"elementor-widget-wrap elementor-element-populated\">\n\t\t\t\t\t\t<div class=\"elementor-element elementor-element-87816a9 elementor-widget__width-inherit elementor-absolute elementor-hidden-tablet elementor-hidden-mobile elementor-widget elementor-widget-image\" data-id=\"87816a9\" data-element_type=\"widget\" data-settings=\"{&quot;_position&quot;:&quot;absolute&quot;}\" data-widget_type=\"image.default\">\n\t\t\t\t<div class=\"elementor-widget-container\">\n\t\t\t\t\t\t\t\t\t\t\t\t\t\t\t<img decoding=\"async\" src=\"https:\/\/shirsbrunner.com\/wp-content\/uploads\/elementor\/thumbs\/Logo-H-psfnvbnk73zlk253wf3defvwsw1zfkc36z9uyc77js.png\" title=\"Logo &#8211; H\" alt=\"Logo - H\" loading=\"lazy\" \/>\t\t\t\t\t\t\t\t\t\t\t\t\t\t\t<\/div>\n\t\t\t\t<\/div>\n\t\t\t\t<div class=\"elementor-element elementor-element-04d9ed7 elementor-widget__width-inherit elementor-absolute elementor-hidden-desktop elementor-hidden-mobile elementor-widget elementor-widget-image\" data-id=\"04d9ed7\" data-element_type=\"widget\" data-settings=\"{&quot;_position&quot;:&quot;absolute&quot;}\" data-widget_type=\"image.default\">\n\t\t\t\t<div class=\"elementor-widget-container\">\n\t\t\t\t\t\t\t\t\t\t\t\t\t\t\t<img decoding=\"async\" src=\"https:\/\/shirsbrunner.com\/wp-content\/uploads\/elementor\/thumbs\/Logo-H-psfnvbnjo93xcy9cyixn7gfbcp253g8f1dg237fgcg.png\" title=\"Logo &#8211; H\" alt=\"Logo - H\" loading=\"lazy\" \/>\t\t\t\t\t\t\t\t\t\t\t\t\t\t\t<\/div>\n\t\t\t\t<\/div>\n\t\t\t\t<div class=\"elementor-element elementor-element-6c3ce53 elementor-widget__width-inherit elementor-absolute elementor-hidden-desktop elementor-hidden-tablet elementor-widget elementor-widget-image\" data-id=\"6c3ce53\" data-element_type=\"widget\" data-settings=\"{&quot;_position&quot;:&quot;absolute&quot;}\" data-widget_type=\"image.default\">\n\t\t\t\t<div class=\"elementor-widget-container\">\n\t\t\t\t\t\t\t\t\t\t\t\t\t\t\t<img decoding=\"async\" src=\"https:\/\/shirsbrunner.com\/wp-content\/uploads\/elementor\/thumbs\/Logo-H-psfnvbnja7w7lj44wv6toeeu6k9lli09p1ttintn8c.png\" title=\"Logo &#8211; H\" alt=\"Logo - H\" loading=\"lazy\" \/>\t\t\t\t\t\t\t\t\t\t\t\t\t\t\t<\/div>\n\t\t\t\t<\/div>\n\t\t\t\t\t<\/div>\n\t\t<\/div>\n\t\t\t\t\t<\/div>\n\t\t<\/section>\n\t\t\t\t<section class=\"elementor-section elementor-inner-section elementor-element elementor-element-04e16b9 elementor-section-boxed elementor-section-height-default elementor-section-height-default\" data-id=\"04e16b9\" data-element_type=\"section\" data-settings=\"{&quot;background_background&quot;:&quot;classic&quot;}\">\n\t\t\t\t\t\t\t<div class=\"elementor-background-overlay\"><\/div>\n\t\t\t\t\t\t\t<div class=\"elementor-container elementor-column-gap-default\">\n\t\t\t\t\t<div class=\"elementor-column elementor-col-33 elementor-inner-column elementor-element elementor-element-2ab5d02\" data-id=\"2ab5d02\" data-element_type=\"column\">\n\t\t\t<div class=\"elementor-widget-wrap\">\n\t\t\t\t\t\t\t<\/div>\n\t\t<\/div>\n\t\t\t\t<div class=\"elementor-column elementor-col-33 elementor-inner-column elementor-element elementor-element-ff86283\" data-id=\"ff86283\" data-element_type=\"column\">\n\t\t\t<div class=\"elementor-widget-wrap elementor-element-populated\">\n\t\t\t\t\t\t\t<\/div>\n\t\t<\/div>\n\t\t\t\t<div class=\"elementor-column elementor-col-33 elementor-inner-column elementor-element elementor-element-1f77e99\" data-id=\"1f77e99\" data-element_type=\"column\">\n\t\t\t<div class=\"elementor-widget-wrap\">\n\t\t\t\t\t\t\t<\/div>\n\t\t<\/div>\n\t\t\t\t\t<\/div>\n\t\t<\/section>\n\t\t\t\t<section class=\"elementor-section elementor-inner-section elementor-element elementor-element-c4c70bf elementor-section-boxed elementor-section-height-default elementor-section-height-default\" data-id=\"c4c70bf\" data-element_type=\"section\" data-settings=\"{&quot;background_background&quot;:&quot;classic&quot;}\">\n\t\t\t\t\t\t<div class=\"elementor-container elementor-column-gap-default\">\n\t\t\t\t\t<div class=\"elementor-column elementor-col-33 elementor-inner-column elementor-element elementor-element-5d043e8 elementor-hidden-mobile\" data-id=\"5d043e8\" data-element_type=\"column\">\n\t\t\t<div class=\"elementor-widget-wrap\">\n\t\t\t\t\t\t\t<\/div>\n\t\t<\/div>\n\t\t\t\t<div class=\"elementor-column elementor-col-33 elementor-inner-column elementor-element elementor-element-af85509\" data-id=\"af85509\" data-element_type=\"column\">\n\t\t\t<div class=\"elementor-widget-wrap elementor-element-populated\">\n\t\t\t\t\t\t<div class=\"elementor-element elementor-element-91a1ba1 elementor-widget elementor-widget-text-editor\" data-id=\"91a1ba1\" data-element_type=\"widget\" data-widget_type=\"text-editor.default\">\n\t\t\t\t<div class=\"elementor-widget-container\">\n\t\t\t\t\t\t\t\t\t<p>Simon Hirsbrunner ber\u00e4t Mandanten im Europ\u00e4ischen, Schweizer und deutschen Kartellrecht, dem EU- Beihilfenrecht, der Fusionskontrolle sowie in verwandten EU-Regulierungsbereichen. Aufgrund seiner umfangreichen Erfahrung, die er in zahlreichen Verfahren vor der Europ\u00e4ischen Kommission, den Unionsgerichten und den nationalen Beh\u00f6rden gewonnen hat, ist er in der Lage, komplexe Sachverhalte rasch zu analysieren, etwaige rechtliche Risiken realistisch einzusch\u00e4tzen und f\u00fcr seine Mandanten ma\u00dfgeschneiderte, praktische L\u00f6sungen zu entwickeln.<\/p>\n<p>Aufgrund seines Schweizer Hintergrunds und seiner fr\u00fcheren T\u00e4tigkeit in der Schweizer Bundesverwaltung und der Europ\u00e4ischen Kommission ist er eng vertraut mit der Funktionsweise sowohl der schweizerischen als auch der EU-Institutionen. Er verfolgt neue Entwicklungen im Bereich der bilateralen Beziehungen der Schweiz zur EU. Er ber\u00e4t Schweizer Mandanten zu EU-Regelungen, die Auswirkungen auf deren Zugang zum EU-Binnenmarkt haben.<\/p>\n<p>Er ist als Gutachter t\u00e4tig, wenn es um die Beurteilung von neuartigen Rechtsfragen geht, die sich im Verh\u00e4ltnis zwischen der Schweiz und der EU stellen, und er analysiert die Vereinbarkeit (\u201eEuropakompatibilit\u00e4t\u201c) von schweizerischen Regelungen mit dem EU-Rechtsbestand (\u201eacquis de l\u2019Union europ\u00e9enne\u201c), so insbesondere im Banken-, Energie- und Luftverkehrsrecht sowie dem EU-Beihilfenrecht. Simon Hirsbrunner ist schweizerischer Rechtsanwalt, deutscher Rechtsanwalt und ferner in Br\u00fcssel als EU-Rechtsanwalt registriert. Er seit 1997 in Br\u00fcssel als Rechtsanwalt t\u00e4tig. Davor bekleidete er verschiedene Positionen in der \u00f6ffentlichen Verwaltung, unter anderem als Case-Handler der fr\u00fcheren Merger Task Force der Europ\u00e4ischen Kommission und als wissenschaftlicher Mitarbeiter in der Abteilung f\u00fcr Europarecht des Schweizer Bundesamts f\u00fcr Justiz.<\/p>\n\t\t\t\t\t\t\t\t<\/div>\n\t\t\t\t<\/div>\n\t\t\t\t\t<\/div>\n\t\t<\/div>\n\t\t\t\t<div class=\"elementor-column elementor-col-33 elementor-inner-column elementor-element elementor-element-b1c1710 elementor-hidden-mobile\" data-id=\"b1c1710\" data-element_type=\"column\">\n\t\t\t<div class=\"elementor-widget-wrap\">\n\t\t\t\t\t\t\t<\/div>\n\t\t<\/div>\n\t\t\t\t\t<\/div>\n\t\t<\/section>\n\t\t\t\t<section class=\"elementor-section elementor-inner-section elementor-element elementor-element-41bd8f9 elementor-section-boxed elementor-section-height-default elementor-section-height-default\" data-id=\"41bd8f9\" data-element_type=\"section\" data-settings=\"{&quot;background_background&quot;:&quot;classic&quot;}\">\n\t\t\t\t\t\t<div class=\"elementor-container elementor-column-gap-default\">\n\t\t\t\t\t<div class=\"elementor-column elementor-col-33 elementor-inner-column elementor-element elementor-element-e1c38bb elementor-hidden-mobile\" data-id=\"e1c38bb\" data-element_type=\"column\">\n\t\t\t<div class=\"elementor-widget-wrap\">\n\t\t\t\t\t\t\t<\/div>\n\t\t<\/div>\n\t\t\t\t<div class=\"elementor-column elementor-col-33 elementor-inner-column elementor-element elementor-element-6b05abe\" data-id=\"6b05abe\" data-element_type=\"column\">\n\t\t\t<div class=\"elementor-widget-wrap elementor-element-populated\">\n\t\t\t\t\t\t<div class=\"elementor-element elementor-element-6202c55 elementor-view-default elementor-widget elementor-widget-icon\" data-id=\"6202c55\" data-element_type=\"widget\" data-widget_type=\"icon.default\">\n\t\t\t\t<div class=\"elementor-widget-container\">\n\t\t\t\t\t\t\t<div class=\"elementor-icon-wrapper\">\n\t\t\t<div class=\"elementor-icon\">\n\t\t\t<i aria-hidden=\"true\" class=\"icon icon-H-vert\"><\/i>\t\t\t<\/div>\n\t\t<\/div>\n\t\t\t\t\t\t<\/div>\n\t\t\t\t<\/div>\n\t\t\t\t\t<\/div>\n\t\t<\/div>\n\t\t\t\t<div class=\"elementor-column elementor-col-33 elementor-inner-column elementor-element elementor-element-ebc1239\" data-id=\"ebc1239\" data-element_type=\"column\">\n\t\t\t<div class=\"elementor-widget-wrap\">\n\t\t\t\t\t\t\t<\/div>\n\t\t<\/div>\n\t\t\t\t\t<\/div>\n\t\t<\/section>\n\t\t\t\t\t<\/div>\n\t\t<\/div>\n\t\t\t\t\t<\/div>\n\t\t<\/section>\n\t\t\t\t<section class=\"elementor-section elementor-top-section elementor-element elementor-element-47a736c elementor-section-boxed elementor-section-height-default elementor-section-height-default\" data-id=\"47a736c\" data-element_type=\"section\" data-settings=\"{&quot;background_background&quot;:&quot;classic&quot;,&quot;shape_divider_top&quot;:&quot;tilt&quot;}\">\n\t\t\t\t\t<div class=\"elementor-shape elementor-shape-top\" aria-hidden=\"true\" data-negative=\"false\">\n\t\t\t<svg xmlns=\"http:\/\/www.w3.org\/2000\/svg\" viewBox=\"0 0 1000 100\" preserveAspectRatio=\"none\">\n\t<path class=\"elementor-shape-fill\" d=\"M0,6V0h1000v100L0,6z\"\/>\n<\/svg>\t\t<\/div>\n\t\t\t\t\t<div class=\"elementor-container elementor-column-gap-default\">\n\t\t\t\t\t<div class=\"elementor-column elementor-col-50 elementor-top-column elementor-element elementor-element-b0c45b1\" data-id=\"b0c45b1\" data-element_type=\"column\">\n\t\t\t<div class=\"elementor-widget-wrap\">\n\t\t\t\t\t\t\t<\/div>\n\t\t<\/div>\n\t\t\t\t<div class=\"elementor-column elementor-col-50 elementor-top-column elementor-element elementor-element-0c692d3\" data-id=\"0c692d3\" data-element_type=\"column\">\n\t\t\t<div class=\"elementor-widget-wrap elementor-element-populated\">\n\t\t\t\t\t\t<div class=\"elementor-element elementor-element-a74e389 elementor-widget elementor-widget-text-editor\" data-id=\"a74e389\" data-element_type=\"widget\" data-widget_type=\"text-editor.default\">\n\t\t\t\t<div class=\"elementor-widget-container\">\n\t\t\t\t\t\t\t\t\t<p>AUSBILDUNG<\/p>\n\t\t\t\t\t\t\t\t<\/div>\n\t\t\t\t<\/div>\n\t\t\t\t<div class=\"elementor-element elementor-element-2813706 elementor-widget elementor-widget-text-editor\" data-id=\"2813706\" data-element_type=\"widget\" data-widget_type=\"text-editor.default\">\n\t\t\t\t<div class=\"elementor-widget-container\">\n\t\t\t\t\t\t\t\t\t<p>Aufgewachsen in Bern, Schweiz, Studium an der Universit\u00e4t Genf (<em>lic. \u00e8s droit<\/em>), der University of Exeter, Gro\u00dfbritannien (<em>LL.M<\/em>), dem College of Europe in Br\u00fcgge, Belgien (<em>Dipl\u00f4me de Hautes \u00c9tudes Europ\u00e9ennes &#8211; DHEE<\/em>), Abschluss der Ausbildung zum Schweizer Rechtsanwalt (F\u00fcrsprecher) in Bern, Zulassung als deutscher Rechtsanwalt.<\/p>\n\t\t\t\t\t\t\t\t<\/div>\n\t\t\t\t<\/div>\n\t\t\t\t<div class=\"elementor-element elementor-element-1300c0c elementor-widget elementor-widget-text-editor\" data-id=\"1300c0c\" data-element_type=\"widget\" data-widget_type=\"text-editor.default\">\n\t\t\t\t<div class=\"elementor-widget-container\">\n\t\t\t\t\t\t\t\t\t<p>SPRACHEN<\/p>\n\t\t\t\t\t\t\t\t<\/div>\n\t\t\t\t<\/div>\n\t\t\t\t<div class=\"elementor-element elementor-element-6280751 elementor-widget elementor-widget-text-editor\" data-id=\"6280751\" data-element_type=\"widget\" data-widget_type=\"text-editor.default\">\n\t\t\t\t<div class=\"elementor-widget-container\">\n\t\t\t\t\t\t\t\t\t<p>Deutsch (Muttersprache), Englisch, Franz\u00f6sisch und Italienisch.<\/p>\n\t\t\t\t\t\t\t\t<\/div>\n\t\t\t\t<\/div>\n\t\t\t\t\t<\/div>\n\t\t<\/div>\n\t\t\t\t\t<\/div>\n\t\t<\/section>\n\t\t\t\t<\/div>\n\t\t","protected":false},"excerpt":{"rendered":"<p>Simon Hirsbrunner ber\u00e4t Mandanten im Europ\u00e4ischen, Schweizer und deutschen Kartellrecht, dem EU- Beihilfenrecht, der Fusionskontrolle sowie in verwandten EU-Regulierungsbereichen. Aufgrund seiner umfangreichen Erfahrung, die er in zahlreichen Verfahren vor der Europ\u00e4ischen Kommission, den Unionsgerichten und den nationalen Beh\u00f6rden gewonnen hat, ist er in der Lage, komplexe Sachverhalte rasch zu analysieren, etwaige rechtliche Risiken realistisch einzusch\u00e4tzen [&hellip;]<\/p>\n","protected":false},"author":1,"featured_media":0,"parent":0,"menu_order":0,"comment_status":"closed","ping_status":"closed","template":"","meta":{"footnotes":""},"class_list":["post-612","page","type-page","status-publish","hentry"],"_links":{"self":[{"href":"https:\/\/shirsbrunner.com\/de\/wp-json\/wp\/v2\/pages\/612","targetHints":{"allow":["GET"]}}],"collection":[{"href":"https:\/\/shirsbrunner.com\/de\/wp-json\/wp\/v2\/pages"}],"about":[{"href":"https:\/\/shirsbrunner.com\/de\/wp-json\/wp\/v2\/types\/page"}],"author":[{"embeddable":true,"href":"https:\/\/shirsbrunner.com\/de\/wp-json\/wp\/v2\/users\/1"}],"replies":[{"embeddable":true,"href":"https:\/\/shirsbrunner.com\/de\/wp-json\/wp\/v2\/comments?post=612"}],"version-history":[{"count":22,"href":"https:\/\/shirsbrunner.com\/de\/wp-json\/wp\/v2\/pages\/612\/revisions"}],"predecessor-version":[{"id":1371,"href":"https:\/\/shirsbrunner.com\/de\/wp-json\/wp\/v2\/pages\/612\/revisions\/1371"}],"wp:attachment":[{"href":"https:\/\/shirsbrunner.com\/de\/wp-json\/wp\/v2\/media?parent=612"}],"curies":[{"name":"wp","href":"https:\/\/api.w.org\/{rel}","templated":true}]}}