{"id":617,"date":"2022-08-02T16:41:02","date_gmt":"2022-08-02T14:41:02","guid":{"rendered":"https:\/\/shirsbrunner.com\/expertise\/"},"modified":"2022-09-12T16:46:05","modified_gmt":"2022-09-12T14:46:05","slug":"expertise","status":"publish","type":"page","link":"https:\/\/shirsbrunner.com\/de\/expertise\/","title":{"rendered":"Expertise"},"content":{"rendered":"\t\t<div data-elementor-type=\"wp-page\" data-elementor-id=\"617\" class=\"elementor elementor-617 elementor-175\" data-elementor-post-type=\"page\">\n\t\t\t\t\t\t<section class=\"elementor-section elementor-top-section elementor-element elementor-element-164ed39 elementor-section-full_width elementor-section-height-default elementor-section-height-default\" data-id=\"164ed39\" data-element_type=\"section\">\n\t\t\t\t\t\t<div class=\"elementor-container elementor-column-gap-default\">\n\t\t\t\t\t<div class=\"elementor-column elementor-col-100 elementor-top-column elementor-element elementor-element-1c42afa\" data-id=\"1c42afa\" data-element_type=\"column\">\n\t\t\t<div class=\"elementor-widget-wrap elementor-element-populated\">\n\t\t\t\t\t\t<section class=\"elementor-section elementor-inner-section elementor-element elementor-element-df97fc3 elementor-section-full_width elementor-section-height-min-height elementor-section-height-default\" data-id=\"df97fc3\" data-element_type=\"section\" data-settings=\"{&quot;background_background&quot;:&quot;classic&quot;}\">\n\t\t\t\t\t\t<div class=\"elementor-container elementor-column-gap-default\">\n\t\t\t\t\t<div class=\"elementor-column elementor-col-100 elementor-inner-column elementor-element elementor-element-8c2ccf6\" data-id=\"8c2ccf6\" data-element_type=\"column\">\n\t\t\t<div class=\"elementor-widget-wrap elementor-element-populated\">\n\t\t\t\t\t\t<div class=\"elementor-element elementor-element-cb602a8 elementor-widget__width-inherit elementor-absolute elementor-hidden-tablet elementor-hidden-mobile elementor-widget elementor-widget-image\" data-id=\"cb602a8\" data-element_type=\"widget\" data-settings=\"{&quot;_position&quot;:&quot;absolute&quot;}\" data-widget_type=\"image.default\">\n\t\t\t\t<div class=\"elementor-widget-container\">\n\t\t\t\t\t\t\t\t\t\t\t\t\t\t\t<img decoding=\"async\" src=\"https:\/\/shirsbrunner.com\/wp-content\/uploads\/elementor\/thumbs\/Logo-H-psfnvbnk73zlk253wf3defvwsw1zfkc36z9uyc77js.png\" title=\"Logo &#8211; H\" alt=\"Logo - H\" loading=\"lazy\" \/>\t\t\t\t\t\t\t\t\t\t\t\t\t\t\t<\/div>\n\t\t\t\t<\/div>\n\t\t\t\t<div class=\"elementor-element elementor-element-4d5d420 elementor-widget__width-inherit elementor-absolute elementor-hidden-desktop elementor-hidden-mobile elementor-widget elementor-widget-image\" data-id=\"4d5d420\" data-element_type=\"widget\" data-settings=\"{&quot;_position&quot;:&quot;absolute&quot;}\" data-widget_type=\"image.default\">\n\t\t\t\t<div class=\"elementor-widget-container\">\n\t\t\t\t\t\t\t\t\t\t\t\t\t\t\t<img decoding=\"async\" src=\"https:\/\/shirsbrunner.com\/wp-content\/uploads\/elementor\/thumbs\/Logo-H-psfnvbnjo93xcy9cyixn7gfbcp253g8f1dg237fgcg.png\" title=\"Logo &#8211; H\" alt=\"Logo - H\" loading=\"lazy\" \/>\t\t\t\t\t\t\t\t\t\t\t\t\t\t\t<\/div>\n\t\t\t\t<\/div>\n\t\t\t\t<div class=\"elementor-element elementor-element-3d34252 elementor-widget__width-inherit elementor-absolute elementor-hidden-desktop elementor-hidden-tablet elementor-widget elementor-widget-image\" data-id=\"3d34252\" data-element_type=\"widget\" data-settings=\"{&quot;_position&quot;:&quot;absolute&quot;}\" data-widget_type=\"image.default\">\n\t\t\t\t<div class=\"elementor-widget-container\">\n\t\t\t\t\t\t\t\t\t\t\t\t\t\t\t<img decoding=\"async\" src=\"https:\/\/shirsbrunner.com\/wp-content\/uploads\/elementor\/thumbs\/Logo-H-psfnvbnja7w7lj44wv6toeeu6k9lli09p1ttintn8c.png\" title=\"Logo &#8211; H\" alt=\"Logo - H\" loading=\"lazy\" \/>\t\t\t\t\t\t\t\t\t\t\t\t\t\t\t<\/div>\n\t\t\t\t<\/div>\n\t\t\t\t\t<\/div>\n\t\t<\/div>\n\t\t\t\t\t<\/div>\n\t\t<\/section>\n\t\t\t\t<section class=\"elementor-section elementor-inner-section elementor-element elementor-element-7c64af2 elementor-section-boxed elementor-section-height-default elementor-section-height-default\" data-id=\"7c64af2\" data-element_type=\"section\" data-settings=\"{&quot;background_background&quot;:&quot;classic&quot;}\">\n\t\t\t\t\t\t\t<div class=\"elementor-background-overlay\"><\/div>\n\t\t\t\t\t\t\t<div class=\"elementor-container elementor-column-gap-default\">\n\t\t\t\t\t<div class=\"elementor-column elementor-col-33 elementor-inner-column elementor-element elementor-element-527b1fc\" data-id=\"527b1fc\" data-element_type=\"column\">\n\t\t\t<div class=\"elementor-widget-wrap\">\n\t\t\t\t\t\t\t<\/div>\n\t\t<\/div>\n\t\t\t\t<div class=\"elementor-column elementor-col-33 elementor-inner-column elementor-element elementor-element-3a79ab3\" data-id=\"3a79ab3\" data-element_type=\"column\">\n\t\t\t<div class=\"elementor-widget-wrap elementor-element-populated\">\n\t\t\t\t\t\t\t<\/div>\n\t\t<\/div>\n\t\t\t\t<div class=\"elementor-column elementor-col-33 elementor-inner-column elementor-element elementor-element-b75337b\" data-id=\"b75337b\" data-element_type=\"column\">\n\t\t\t<div class=\"elementor-widget-wrap\">\n\t\t\t\t\t\t\t<\/div>\n\t\t<\/div>\n\t\t\t\t\t<\/div>\n\t\t<\/section>\n\t\t\t\t<section class=\"elementor-section elementor-inner-section elementor-element elementor-element-9a779d6 elementor-section-boxed elementor-section-height-default elementor-section-height-default\" data-id=\"9a779d6\" data-element_type=\"section\" data-settings=\"{&quot;background_background&quot;:&quot;classic&quot;}\">\n\t\t\t\t\t\t<div class=\"elementor-container elementor-column-gap-default\">\n\t\t\t\t\t<div class=\"elementor-column elementor-col-33 elementor-inner-column elementor-element elementor-element-5aad9b5\" data-id=\"5aad9b5\" data-element_type=\"column\">\n\t\t\t<div class=\"elementor-widget-wrap\">\n\t\t\t\t\t\t\t<\/div>\n\t\t<\/div>\n\t\t\t\t<div class=\"elementor-column elementor-col-33 elementor-inner-column elementor-element elementor-element-c9896cc\" data-id=\"c9896cc\" data-element_type=\"column\">\n\t\t\t<div class=\"elementor-widget-wrap elementor-element-populated\">\n\t\t\t\t\t\t<div class=\"elementor-element elementor-element-7383431 elementor-widget elementor-widget-text-editor\" data-id=\"7383431\" data-element_type=\"widget\" data-widget_type=\"text-editor.default\">\n\t\t\t\t<div class=\"elementor-widget-container\">\n\t\t\t\t\t\t\t\t\t<p>Die Kanzlei ist spezialisiert auf Kartellrecht und Regulierung.<\/p><p>Wir beraten im EU-, Schweizer und deutschen Kartellrecht, der Fusionskontrolle, dem Recht der staatlichen Beihilfen sowie verwandten Rechtsgebieten.<\/p><p>Wir verf\u00fcgen \u00fcber besondere Erfahrung im Bereich der Finanzdienstleistungen, der Energiewirtschaft, dem Luftverkehr sowie den bilateralen Beziehungen der Schweiz zur EU.<\/p>\t\t\t\t\t\t\t\t<\/div>\n\t\t\t\t<\/div>\n\t\t\t\t\t<\/div>\n\t\t<\/div>\n\t\t\t\t<div class=\"elementor-column elementor-col-33 elementor-inner-column elementor-element elementor-element-eb02ce1\" data-id=\"eb02ce1\" data-element_type=\"column\">\n\t\t\t<div class=\"elementor-widget-wrap\">\n\t\t\t\t\t\t\t<\/div>\n\t\t<\/div>\n\t\t\t\t\t<\/div>\n\t\t<\/section>\n\t\t\t\t<section class=\"elementor-section elementor-inner-section elementor-element elementor-element-45cc8bd elementor-section-boxed elementor-section-height-default elementor-section-height-default\" data-id=\"45cc8bd\" data-element_type=\"section\" data-settings=\"{&quot;background_background&quot;:&quot;classic&quot;}\">\n\t\t\t\t\t\t<div class=\"elementor-container elementor-column-gap-default\">\n\t\t\t\t\t<div class=\"elementor-column elementor-col-33 elementor-inner-column elementor-element elementor-element-2c4747e\" data-id=\"2c4747e\" data-element_type=\"column\">\n\t\t\t<div class=\"elementor-widget-wrap\">\n\t\t\t\t\t\t\t<\/div>\n\t\t<\/div>\n\t\t\t\t<div class=\"elementor-column elementor-col-33 elementor-inner-column elementor-element elementor-element-8d68e56\" data-id=\"8d68e56\" data-element_type=\"column\">\n\t\t\t<div class=\"elementor-widget-wrap elementor-element-populated\">\n\t\t\t\t\t\t<div class=\"elementor-element elementor-element-76b008c elementor-widget elementor-widget-image\" data-id=\"76b008c\" data-element_type=\"widget\" data-widget_type=\"image.default\">\n\t\t\t\t<div class=\"elementor-widget-container\">\n\t\t\t\t\t\t\t\t\t\t\t\t\t\t\t<img decoding=\"async\" width=\"300\" height=\"122\" src=\"https:\/\/shirsbrunner.com\/wp-content\/uploads\/2022\/08\/Page-2-Image-goutte-300x122.png\" class=\"attachment-medium size-medium wp-image-255\" alt=\"\" srcset=\"https:\/\/shirsbrunner.com\/wp-content\/uploads\/2022\/08\/Page-2-Image-goutte-300x122.png 300w, https:\/\/shirsbrunner.com\/wp-content\/uploads\/2022\/08\/Page-2-Image-goutte.png 750w\" sizes=\"(max-width: 300px) 100vw, 300px\" \/>\t\t\t\t\t\t\t\t\t\t\t\t\t\t\t<\/div>\n\t\t\t\t<\/div>\n\t\t\t\t\t<\/div>\n\t\t<\/div>\n\t\t\t\t<div class=\"elementor-column elementor-col-33 elementor-inner-column elementor-element elementor-element-d1185fc\" data-id=\"d1185fc\" data-element_type=\"column\">\n\t\t\t<div class=\"elementor-widget-wrap\">\n\t\t\t\t\t\t\t<\/div>\n\t\t<\/div>\n\t\t\t\t\t<\/div>\n\t\t<\/section>\n\t\t\t\t\t<\/div>\n\t\t<\/div>\n\t\t\t\t\t<\/div>\n\t\t<\/section>\n\t\t\t\t<section class=\"elementor-section elementor-top-section elementor-element elementor-element-b050e05 elementor-section-boxed elementor-section-height-default elementor-section-height-default\" data-id=\"b050e05\" data-element_type=\"section\" data-settings=\"{&quot;background_background&quot;:&quot;classic&quot;,&quot;shape_divider_top&quot;:&quot;tilt&quot;}\">\n\t\t\t\t\t<div class=\"elementor-shape elementor-shape-top\" aria-hidden=\"true\" data-negative=\"false\">\n\t\t\t<svg xmlns=\"http:\/\/www.w3.org\/2000\/svg\" viewBox=\"0 0 1000 100\" preserveAspectRatio=\"none\">\n\t<path class=\"elementor-shape-fill\" d=\"M0,6V0h1000v100L0,6z\"\/>\n<\/svg>\t\t<\/div>\n\t\t\t\t\t<div class=\"elementor-container elementor-column-gap-default\">\n\t\t\t\t\t<div class=\"elementor-column elementor-col-50 elementor-top-column elementor-element elementor-element-be1f265\" data-id=\"be1f265\" data-element_type=\"column\">\n\t\t\t<div class=\"elementor-widget-wrap elementor-element-populated\">\n\t\t\t\t\t\t<section class=\"elementor-section elementor-inner-section elementor-element elementor-element-d550c23 elementor-section-boxed elementor-section-height-default elementor-section-height-default\" data-id=\"d550c23\" data-element_type=\"section\" data-settings=\"{&quot;background_background&quot;:&quot;classic&quot;}\">\n\t\t\t\t\t\t<div class=\"elementor-container elementor-column-gap-default\">\n\t\t\t\t\t<div class=\"elementor-column elementor-col-100 elementor-inner-column elementor-element elementor-element-8ca40f2\" data-id=\"8ca40f2\" data-element_type=\"column\">\n\t\t\t<div class=\"elementor-widget-wrap elementor-element-populated\">\n\t\t\t\t\t\t<div class=\"elementor-element elementor-element-9e7e106 elementor-widget elementor-widget-text-editor\" data-id=\"9e7e106\" data-element_type=\"widget\" data-widget_type=\"text-editor.default\">\n\t\t\t\t<div class=\"elementor-widget-container\">\n\t\t\t\t\t\t\t\t\t<p>Kartellverfahren<\/p>\t\t\t\t\t\t\t\t<\/div>\n\t\t\t\t<\/div>\n\t\t\t\t<div class=\"elementor-element elementor-element-8663aaa elementor-widget elementor-widget-text-editor\" data-id=\"8663aaa\" data-element_type=\"widget\" data-widget_type=\"text-editor.default\">\n\t\t\t\t<div class=\"elementor-widget-container\">\n\t\t\t\t\t\t\t\t\t<p>Die Kanzlei unterst\u00fctzt Unternehmen bei der Erkennung und Vermeidung von Kartellrechtsrisiken. Wir vertreten Mandanten, die von vermeintlichen oder tats\u00e4chlichen Kartellverst\u00f6\u00dfen betroffen sind, in Untersuchungen und Kartellbu\u00dfgeldverfahren vor der Europ\u00e4ischen Kommission, den Unionsgerichten und den nationalen Wettbewerbsbeh\u00f6rden. Die Kanzlei verf\u00fcgt \u00fcber erhebliche Erfahrung in Kronzeugen- und Settlement-Verfahren.<\/p>\t\t\t\t\t\t\t\t<\/div>\n\t\t\t\t<\/div>\n\t\t\t\t\t<\/div>\n\t\t<\/div>\n\t\t\t\t\t<\/div>\n\t\t<\/section>\n\t\t\t\t<section class=\"elementor-section elementor-inner-section elementor-element elementor-element-cfeb895 elementor-section-boxed elementor-section-height-default elementor-section-height-default\" data-id=\"cfeb895\" data-element_type=\"section\" data-settings=\"{&quot;background_background&quot;:&quot;classic&quot;}\">\n\t\t\t\t\t\t<div class=\"elementor-container elementor-column-gap-default\">\n\t\t\t\t\t<div class=\"elementor-column elementor-col-100 elementor-inner-column elementor-element elementor-element-f78de49\" data-id=\"f78de49\" data-element_type=\"column\">\n\t\t\t<div class=\"elementor-widget-wrap elementor-element-populated\">\n\t\t\t\t\t\t<div class=\"elementor-element elementor-element-8530f76 elementor-widget elementor-widget-text-editor\" data-id=\"8530f76\" data-element_type=\"widget\" data-widget_type=\"text-editor.default\">\n\t\t\t\t<div class=\"elementor-widget-container\">\n\t\t\t\t\t\t\t\t\t<p>Kartellschadensersatz<\/p>\t\t\t\t\t\t\t\t<\/div>\n\t\t\t\t<\/div>\n\t\t\t\t<div class=\"elementor-element elementor-element-85044e7 elementor-widget elementor-widget-text-editor\" data-id=\"85044e7\" data-element_type=\"widget\" data-widget_type=\"text-editor.default\">\n\t\t\t\t<div class=\"elementor-widget-container\">\n\t\t\t\t\t\t\t\t\t<p>Wir beraten in Streitigkeiten \u00fcber Kartellschadensersatzanspr\u00fcche. Die Kanzlei verf\u00fcgt \u00fcber erhebliche Erfahrung in der Koordinierung von Verfahren weltweit.<\/p>\t\t\t\t\t\t\t\t<\/div>\n\t\t\t\t<\/div>\n\t\t\t\t\t<\/div>\n\t\t<\/div>\n\t\t\t\t\t<\/div>\n\t\t<\/section>\n\t\t\t\t<section class=\"elementor-section elementor-inner-section elementor-element elementor-element-d98aaa5 elementor-section-boxed elementor-section-height-default elementor-section-height-default\" data-id=\"d98aaa5\" data-element_type=\"section\" data-settings=\"{&quot;background_background&quot;:&quot;classic&quot;}\">\n\t\t\t\t\t\t<div class=\"elementor-container elementor-column-gap-default\">\n\t\t\t\t\t<div class=\"elementor-column elementor-col-100 elementor-inner-column elementor-element elementor-element-ac9598d\" data-id=\"ac9598d\" data-element_type=\"column\">\n\t\t\t<div class=\"elementor-widget-wrap elementor-element-populated\">\n\t\t\t\t\t\t<div class=\"elementor-element elementor-element-bd07050 elementor-widget elementor-widget-text-editor\" data-id=\"bd07050\" data-element_type=\"widget\" data-widget_type=\"text-editor.default\">\n\t\t\t\t<div class=\"elementor-widget-container\">\n\t\t\t\t\t\t\t\t\t<p>Subventionen und staatliche Beihilfen<\/p>\t\t\t\t\t\t\t\t<\/div>\n\t\t\t\t<\/div>\n\t\t\t\t<div class=\"elementor-element elementor-element-282310d elementor-widget elementor-widget-text-editor\" data-id=\"282310d\" data-element_type=\"widget\" data-widget_type=\"text-editor.default\">\n\t\t\t\t<div class=\"elementor-widget-container\">\n\t\t\t\t\t\t\t\t\t<p>Wir beraten Mandanten zum EU-Beihilfenrecht und internationalen Subventionsrecht, einschlie\u00dflich dem WTO-\u00dcbereinkommen \u00fcber Subventionen und Ausgleichsma\u00dfnahmen. Die Kanzlei vertritt Mandanten in beihilfenrechtlichen Verfahren vor der Europ\u00e4ischen Kommission und den Unionsgerichten. Wir verf\u00fcgen \u00fcber besondere Erfahrung bei der \u00dcberpr\u00fcfung von schweizerischen Regelungen und Ma\u00dfnahmen auf deren Vereinbarkeit mit dem EU-Beihilfenrecht, dem Luftverkehrsabkommen und dem Freihandelsabkommen zwischen der Schweiz und der EU sowie mit anderen internationalen Verpflichtungen der Schweiz.<\/p>\t\t\t\t\t\t\t\t<\/div>\n\t\t\t\t<\/div>\n\t\t\t\t\t<\/div>\n\t\t<\/div>\n\t\t\t\t\t<\/div>\n\t\t<\/section>\n\t\t\t\t\t<\/div>\n\t\t<\/div>\n\t\t\t\t<div class=\"elementor-column elementor-col-50 elementor-top-column elementor-element elementor-element-1a37fea\" data-id=\"1a37fea\" data-element_type=\"column\">\n\t\t\t<div class=\"elementor-widget-wrap elementor-element-populated\">\n\t\t\t\t\t\t<section class=\"elementor-section elementor-inner-section elementor-element elementor-element-d4dbb38 elementor-section-boxed elementor-section-height-default elementor-section-height-default\" data-id=\"d4dbb38\" data-element_type=\"section\" data-settings=\"{&quot;background_background&quot;:&quot;classic&quot;}\">\n\t\t\t\t\t\t<div class=\"elementor-container elementor-column-gap-default\">\n\t\t\t\t\t<div class=\"elementor-column elementor-col-100 elementor-inner-column elementor-element elementor-element-28de703\" data-id=\"28de703\" data-element_type=\"column\">\n\t\t\t<div class=\"elementor-widget-wrap elementor-element-populated\">\n\t\t\t\t\t\t<div class=\"elementor-element elementor-element-91d4a8a elementor-widget elementor-widget-text-editor\" data-id=\"91d4a8a\" data-element_type=\"widget\" data-widget_type=\"text-editor.default\">\n\t\t\t\t<div class=\"elementor-widget-container\">\n\t\t\t\t\t\t\t\t\t<p>Fusions- und Investitionskontrolle<\/p>\t\t\t\t\t\t\t\t<\/div>\n\t\t\t\t<\/div>\n\t\t\t\t<div class=\"elementor-element elementor-element-8b712a1 elementor-widget elementor-widget-text-editor\" data-id=\"8b712a1\" data-element_type=\"widget\" data-widget_type=\"text-editor.default\">\n\t\t\t\t<div class=\"elementor-widget-container\">\n\t\t\t\t\t\t\t\t\t<p>Wir beraten umfassend zu den kartellrechtlichen Aspekten von M&amp;A-Transaktionen. Wir pr\u00fcfen die kartellrechtliche Machbarkeit von Transaktionen im Vorfeld, unterst\u00fctzen bei der Formulierung von vertraglichen Bestimmungen, pr\u00fcfen etwaige Anmeldepflichten nach den ma\u00dfgebenden Fusionskontroll- und Investitionskontrollvorschriften und k\u00fcmmern uns um die Durchf\u00fchrung und Koordinierung der Anmeldeverfahren in den zust\u00e4ndigen Jurisdiktionen.<\/p>\t\t\t\t\t\t\t\t<\/div>\n\t\t\t\t<\/div>\n\t\t\t\t\t<\/div>\n\t\t<\/div>\n\t\t\t\t\t<\/div>\n\t\t<\/section>\n\t\t\t\t<section class=\"elementor-section elementor-inner-section elementor-element elementor-element-0aa9862 elementor-section-boxed elementor-section-height-default elementor-section-height-default\" data-id=\"0aa9862\" data-element_type=\"section\" data-settings=\"{&quot;background_background&quot;:&quot;classic&quot;}\">\n\t\t\t\t\t\t<div class=\"elementor-container elementor-column-gap-default\">\n\t\t\t\t\t<div class=\"elementor-column elementor-col-100 elementor-inner-column elementor-element elementor-element-808a4cc\" data-id=\"808a4cc\" data-element_type=\"column\">\n\t\t\t<div class=\"elementor-widget-wrap elementor-element-populated\">\n\t\t\t\t\t\t<div class=\"elementor-element elementor-element-5eb5178 elementor-widget elementor-widget-text-editor\" data-id=\"5eb5178\" data-element_type=\"widget\" data-widget_type=\"text-editor.default\">\n\t\t\t\t<div class=\"elementor-widget-container\">\n\t\t\t\t\t\t\t\t\t<p>Vertragsgestaltung<\/p>\t\t\t\t\t\t\t\t<\/div>\n\t\t\t\t<\/div>\n\t\t\t\t<div class=\"elementor-element elementor-element-b63a544 elementor-widget elementor-widget-text-editor\" data-id=\"b63a544\" data-element_type=\"widget\" data-widget_type=\"text-editor.default\">\n\t\t\t\t<div class=\"elementor-widget-container\">\n\t\t\t\t\t\t\t\t\t<p>Die Kanzlei ber\u00e4t in der kartellrechtskonformen Gestaltung von Liefer- und Bezugsvereinbarungen, Vertriebsvereinbarungen, Lizenzvereinbarungen, Forschungs- und Entwicklungsvereinbarungen, Joint Ventures und sonstigen Kooperationsvereinbarungen mit Wettbewerbern, Lieferanten, Abnehmern, Vertriebspartnern und anderen Marktteilnehmern.<\/p>\t\t\t\t\t\t\t\t<\/div>\n\t\t\t\t<\/div>\n\t\t\t\t\t<\/div>\n\t\t<\/div>\n\t\t\t\t\t<\/div>\n\t\t<\/section>\n\t\t\t\t<section class=\"elementor-section elementor-inner-section elementor-element elementor-element-725311e elementor-section-boxed elementor-section-height-default elementor-section-height-default\" data-id=\"725311e\" data-element_type=\"section\" data-settings=\"{&quot;background_background&quot;:&quot;classic&quot;}\">\n\t\t\t\t\t\t<div class=\"elementor-container elementor-column-gap-default\">\n\t\t\t\t\t<div class=\"elementor-column elementor-col-100 elementor-inner-column elementor-element elementor-element-813b68f\" data-id=\"813b68f\" data-element_type=\"column\">\n\t\t\t<div class=\"elementor-widget-wrap elementor-element-populated\">\n\t\t\t\t\t\t<div class=\"elementor-element elementor-element-1b180ff elementor-widget elementor-widget-text-editor\" data-id=\"1b180ff\" data-element_type=\"widget\" data-widget_type=\"text-editor.default\">\n\t\t\t\t<div class=\"elementor-widget-container\">\n\t\t\t\t\t\t\t\t\t<p>Compliance<\/p>\t\t\t\t\t\t\t\t<\/div>\n\t\t\t\t<\/div>\n\t\t\t\t<div class=\"elementor-element elementor-element-ef205e2 elementor-widget elementor-widget-text-editor\" data-id=\"ef205e2\" data-element_type=\"widget\" data-widget_type=\"text-editor.default\">\n\t\t\t\t<div class=\"elementor-widget-container\">\n\t\t\t\t\t\t\t\t\t<p>Wir beraten Mandanten in rechtlichen und ethischen Compliance-Fragen. Die Kanzlei f\u00fchrt Compliance-Risikobewertungen durch, unterst\u00fctzt bei der Gestaltung von Compliance-Richtlinien und der Schulung von Mitarbeitenden. Sie verf\u00fcgt \u00fcber besondere Erfahrung in der wettbewerblichen Compliance-Beratung von internationalen Wirtschaftsverb\u00e4nden.<\/p>\t\t\t\t\t\t\t\t<\/div>\n\t\t\t\t<\/div>\n\t\t\t\t\t<\/div>\n\t\t<\/div>\n\t\t\t\t\t<\/div>\n\t\t<\/section>\n\t\t\t\t<section class=\"elementor-section elementor-inner-section elementor-element elementor-element-709fc92 elementor-section-boxed elementor-section-height-default elementor-section-height-default\" data-id=\"709fc92\" data-element_type=\"section\" data-settings=\"{&quot;background_background&quot;:&quot;classic&quot;}\">\n\t\t\t\t\t\t<div class=\"elementor-container elementor-column-gap-default\">\n\t\t\t\t\t<div class=\"elementor-column elementor-col-100 elementor-inner-column elementor-element elementor-element-37d6d57\" data-id=\"37d6d57\" data-element_type=\"column\">\n\t\t\t<div class=\"elementor-widget-wrap elementor-element-populated\">\n\t\t\t\t\t\t<div class=\"elementor-element elementor-element-15ab942 elementor-widget elementor-widget-text-editor\" data-id=\"15ab942\" data-element_type=\"widget\" data-widget_type=\"text-editor.default\">\n\t\t\t\t<div class=\"elementor-widget-container\">\n\t\t\t\t\t\t\t\t\t<p>Allgemeines EU-Recht<\/p>\t\t\t\t\t\t\t\t<\/div>\n\t\t\t\t<\/div>\n\t\t\t\t<div class=\"elementor-element elementor-element-983014d elementor-widget elementor-widget-text-editor\" data-id=\"983014d\" data-element_type=\"widget\" data-widget_type=\"text-editor.default\">\n\t\t\t\t<div class=\"elementor-widget-container\">\n\t\t\t\t\t\t\t\t\t<p>Wir beraten Mandanten zu Fragen des allgemeinen EU-Rechts, insbesondere im Bereich der Finanzdienstleistungen, der Energiewirtschaft und dem Luftverkehr.<\/p>\t\t\t\t\t\t\t\t<\/div>\n\t\t\t\t<\/div>\n\t\t\t\t\t<\/div>\n\t\t<\/div>\n\t\t\t\t\t<\/div>\n\t\t<\/section>\n\t\t\t\t\t<\/div>\n\t\t<\/div>\n\t\t\t\t\t<\/div>\n\t\t<\/section>\n\t\t\t\t<\/div>\n\t\t","protected":false},"excerpt":{"rendered":"<p>Die Kanzlei ist spezialisiert auf Kartellrecht und Regulierung. Wir beraten im EU-, Schweizer und deutschen Kartellrecht, der Fusionskontrolle, dem Recht der staatlichen Beihilfen sowie verwandten Rechtsgebieten. Wir verf\u00fcgen \u00fcber besondere Erfahrung im Bereich der Finanzdienstleistungen, der Energiewirtschaft, dem Luftverkehr sowie den bilateralen Beziehungen der Schweiz zur EU. Kartellverfahren Die Kanzlei unterst\u00fctzt Unternehmen bei der Erkennung [&hellip;]<\/p>\n","protected":false},"author":1,"featured_media":0,"parent":0,"menu_order":0,"comment_status":"closed","ping_status":"closed","template":"","meta":{"footnotes":""},"class_list":["post-617","page","type-page","status-publish","hentry"],"_links":{"self":[{"href":"https:\/\/shirsbrunner.com\/de\/wp-json\/wp\/v2\/pages\/617","targetHints":{"allow":["GET"]}}],"collection":[{"href":"https:\/\/shirsbrunner.com\/de\/wp-json\/wp\/v2\/pages"}],"about":[{"href":"https:\/\/shirsbrunner.com\/de\/wp-json\/wp\/v2\/types\/page"}],"author":[{"embeddable":true,"href":"https:\/\/shirsbrunner.com\/de\/wp-json\/wp\/v2\/users\/1"}],"replies":[{"embeddable":true,"href":"https:\/\/shirsbrunner.com\/de\/wp-json\/wp\/v2\/comments?post=617"}],"version-history":[{"count":56,"href":"https:\/\/shirsbrunner.com\/de\/wp-json\/wp\/v2\/pages\/617\/revisions"}],"predecessor-version":[{"id":1383,"href":"https:\/\/shirsbrunner.com\/de\/wp-json\/wp\/v2\/pages\/617\/revisions\/1383"}],"wp:attachment":[{"href":"https:\/\/shirsbrunner.com\/de\/wp-json\/wp\/v2\/media?parent=617"}],"curies":[{"name":"wp","href":"https:\/\/api.w.org\/{rel}","templated":true}]}}