{"id":665,"date":"2022-03-08T18:54:51","date_gmt":"2022-03-08T17:54:51","guid":{"rendered":"https:\/\/shirsbrunner.com\/privacy-policy\/"},"modified":"2022-08-31T19:51:07","modified_gmt":"2022-08-31T17:51:07","slug":"privacy-policy","status":"publish","type":"page","link":"https:\/\/shirsbrunner.com\/de\/privacy-policy\/","title":{"rendered":"Ihre Daten"},"content":{"rendered":"\t\t<div data-elementor-type=\"wp-page\" data-elementor-id=\"665\" class=\"elementor elementor-665 elementor-3\" data-elementor-post-type=\"page\">\n\t\t\t\t\t\t<section class=\"elementor-section elementor-top-section elementor-element elementor-element-68715f08 elementor-section-boxed elementor-section-height-default elementor-section-height-default\" data-id=\"68715f08\" data-element_type=\"section\">\n\t\t\t\t\t\t<div class=\"elementor-container elementor-column-gap-default\">\n\t\t\t\t\t<div class=\"elementor-column elementor-col-33 elementor-top-column elementor-element elementor-element-1873957\" data-id=\"1873957\" data-element_type=\"column\">\n\t\t\t<div class=\"elementor-widget-wrap\">\n\t\t\t\t\t\t\t<\/div>\n\t\t<\/div>\n\t\t\t\t<div class=\"elementor-column elementor-col-33 elementor-top-column elementor-element elementor-element-391db521\" data-id=\"391db521\" data-element_type=\"column\">\n\t\t\t<div class=\"elementor-widget-wrap elementor-element-populated\">\n\t\t\t\t\t\t<div class=\"elementor-element elementor-element-6566d3c elementor-widget elementor-widget-text-editor\" data-id=\"6566d3c\" data-element_type=\"widget\" data-widget_type=\"text-editor.default\">\n\t\t\t\t<div class=\"elementor-widget-container\">\n\t\t\t\t\t\t\t\t\t<h1><strong class=\"privacy-policy-tutorial\">Ihre Daten<\/strong><\/h1><p> <\/p><p>Verantwortlicher im Sinn von Art. 4 Abs. 7 EU-Datenschutz-Grundverordnung (DSGVO) ist Hirsbrunner bv, <a href=\"mailto:info@shirsbrunner.com\">info@shirsbrunner.com<\/a> (<a href=\"https:\/\/shirsbrunner.com\/de\/rechtliche-hinweise\/\">siehe unser Impressum<\/a>)<\/p><p>Indem Sie Ihre personenbezogenen Daten auf dieser Website angeben, stimmen Sie der Verarbeitung dieser Daten ausdr\u00fccklich zu. Als personenbezogene Daten gelten alle Daten, die sich auf eine identifizierte oder identifizierbare nat\u00fcrliche Person beziehen, wie etwa Namen, Adressen, Email-Adressen oder Nutzerverhalten.<\/p><p>Hirsbrunner bv (Hirsbrunner) verarbeitet personenbezogene Daten in \u00dcbereinstimmung mit den geltenden Datenschutzbestimmungen, einschlie\u00dflich jenen des EU-Rechts.<\/p><p>Daten von Personen, mit denen Hirsbrunner in Kontakt steht, werden in erster Linie verarbeitet, um juristische Dienstleistungen zu erbringen, Mandate und Abrechnungen zu verwalten, und berufsrechtliche sowie andere gesetzliche und beh\u00f6rdliche Anforderungen zu erf\u00fcllen, einschlie\u00dflich Anforderungen an die Berufshaftpflichtversicherung und andere damit zusammenh\u00e4ngende Angelegenheiten.<\/p><p>Hirsbrunner erhebt nur personenbezogene Daten, die hinsichtlich des Zweckes, f\u00fcr den die Daten verarbeitet werden, angemessen, relevant und auf das Notwendige beschr\u00e4nkt sind.<\/p><p> <\/p><p>Dieser Datenschutzhinweis datiert vom 24. August 2022.<\/p><p> <\/p>\t\t\t\t\t\t\t\t<\/div>\n\t\t\t\t<\/div>\n\t\t\t\t\t<\/div>\n\t\t<\/div>\n\t\t\t\t<div class=\"elementor-column elementor-col-33 elementor-top-column elementor-element elementor-element-6d98985\" data-id=\"6d98985\" data-element_type=\"column\">\n\t\t\t<div class=\"elementor-widget-wrap\">\n\t\t\t\t\t\t\t<\/div>\n\t\t<\/div>\n\t\t\t\t\t<\/div>\n\t\t<\/section>\n\t\t\t\t<\/div>\n\t\t","protected":false},"excerpt":{"rendered":"<p>Ihre Daten Verantwortlicher im Sinn von Art. 4 Abs. 7 EU-Datenschutz-Grundverordnung (DSGVO) ist Hirsbrunner bv, info@shirsbrunner.com (siehe unser Impressum) Indem Sie Ihre personenbezogenen Daten auf dieser Website angeben, stimmen Sie der Verarbeitung dieser Daten ausdr\u00fccklich zu. Als personenbezogene Daten gelten alle Daten, die sich auf eine identifizierte oder identifizierbare nat\u00fcrliche Person beziehen, wie etwa Namen, [&hellip;]<\/p>\n","protected":false},"author":1,"featured_media":0,"parent":0,"menu_order":0,"comment_status":"closed","ping_status":"closed","template":"","meta":{"footnotes":""},"class_list":["post-665","page","type-page","status-publish","hentry"],"_links":{"self":[{"href":"https:\/\/shirsbrunner.com\/de\/wp-json\/wp\/v2\/pages\/665","targetHints":{"allow":["GET"]}}],"collection":[{"href":"https:\/\/shirsbrunner.com\/de\/wp-json\/wp\/v2\/pages"}],"about":[{"href":"https:\/\/shirsbrunner.com\/de\/wp-json\/wp\/v2\/types\/page"}],"author":[{"embeddable":true,"href":"https:\/\/shirsbrunner.com\/de\/wp-json\/wp\/v2\/users\/1"}],"replies":[{"embeddable":true,"href":"https:\/\/shirsbrunner.com\/de\/wp-json\/wp\/v2\/comments?post=665"}],"version-history":[{"count":6,"href":"https:\/\/shirsbrunner.com\/de\/wp-json\/wp\/v2\/pages\/665\/revisions"}],"predecessor-version":[{"id":875,"href":"https:\/\/shirsbrunner.com\/de\/wp-json\/wp\/v2\/pages\/665\/revisions\/875"}],"wp:attachment":[{"href":"https:\/\/shirsbrunner.com\/de\/wp-json\/wp\/v2\/media?parent=665"}],"curies":[{"name":"wp","href":"https:\/\/api.w.org\/{rel}","templated":true}]}}